{"id":7613,"date":"2025-01-15T13:40:35","date_gmt":"2025-01-15T13:40:35","guid":{"rendered":"https:\/\/artnelastudio.com\/?page_id=7613"},"modified":"2025-03-10T16:36:12","modified_gmt":"2025-03-10T16:36:12","slug":"proyectos","status":"publish","type":"page","link":"http:\/\/artnelastudio.com\/es\/proyectos\/","title":{"rendered":"PROYECTOS"},"content":{"rendered":"<p>[et_pb_section fb_built=\u00bb1&#8243; custom_padding_last_edited=\u00bbon|desktop\u00bb next_background_color=\u00bb#ffffff\u00bb admin_label=\u00bbHeader\u00bb _builder_version=\u00bb4.27.4&#8243; use_background_color_gradient=\u00bbon\u00bb background_color_gradient_direction=\u00bb130deg\u00bb background_color_gradient_stops=\u00bb#fff9ef 25%|#35509e 100%\u00bb background_color_gradient_start=\u00bb#8624E1&#8243; background_color_gradient_start_position=\u00bb25%\u00bb background_color_gradient_end=\u00bb#3607A6&#8243; background_enable_image=\u00bboff\u00bb parallax=\u00bbon\u00bb custom_padding=\u00bb2vw||6vw||false|false\u00bb custom_padding_tablet=\u00bb100px||100px||true\u00bb custom_padding_phone=\u00bb||||true\u00bb bottom_divider_style=\u00bbramp2&#8243; bottom_divider_height=\u00bb250px\u00bb bottom_divider_flip=\u00bbhorizontal\u00bb bottom_divider_height_tablet=\u00bb150px\u00bb bottom_divider_height_phone=\u00bb110px\u00bb bottom_divider_height_last_edited=\u00bbon|phone\u00bb saved_tabs=\u00bball\u00bb locked=\u00bboff\u00bb global_colors_info=\u00bb{}\u00bb][et_pb_row _builder_version=\u00bb4.16&#8243; global_colors_info=\u00bb{}\u00bb][et_pb_column type=\u00bb4_4&#8243; _builder_version=\u00bb4.16&#8243; custom_padding=\u00bb|||\u00bb global_colors_info=\u00bb{}\u00bb custom_padding__hover=\u00bb|||\u00bb][et_pb_text _builder_version=\u00bb4.27.4&#8243; text_font=\u00bbRoboto||||||||\u00bb text_text_color=\u00bb#000000&#8243; text_font_size=\u00bb16px\u00bb text_line_height=\u00bb1.8em\u00bb header_font=\u00bbRoboto|700|||||||\u00bb header_text_align=\u00bbcenter\u00bb header_text_color=\u00bb#3E4B9A\u00bb header_font_size=\u00bb80px\u00bb header_line_height=\u00bb1.2em\u00bb header_3_font=\u00bbRoboto|700||on|||||\u00bb header_3_text_align=\u00bbcenter\u00bb header_3_text_color=\u00bb#3E4B9A\u00bb header_3_font_size=\u00bb24px\u00bb header_3_letter_spacing=\u00bb10px\u00bb header_3_line_height=\u00bb2em\u00bb text_orientation=\u00bbcenter\u00bb background_layout=\u00bbdark\u00bb module_alignment=\u00bbcenter\u00bb text_font_size_last_edited=\u00bboff|desktop\u00bb header_font_size_tablet=\u00bb40px\u00bb header_font_size_phone=\u00bb32px\u00bb header_font_size_last_edited=\u00bbon|phone\u00bb header_3_font_size_tablet=\u00bb16px\u00bb header_3_font_size_phone=\u00bb14px\u00bb header_3_font_size_last_edited=\u00bbon|phone\u00bb header_3_letter_spacing_tablet=\u00bb5px\u00bb header_3_letter_spacing_phone=\u00bb\u00bb header_3_letter_spacing_last_edited=\u00bbon|tablet\u00bb global_colors_info=\u00bb{}\u00bb]<\/p>\n<h3>portpolio<\/h3>\n<h1>TRABAJOS, DISE\u00d1OS Y M\u00c1S\u00a0 COSITAS<\/h1>\n<p>[\/et_pb_text][et_pb_text _builder_version=\u00bb4.27.4&#8243; text_font=\u00bb||||||||\u00bb text_font_size=\u00bb20px\u00bb text_line_height=\u00bb2em\u00bb ul_font=\u00bb||||||||\u00bb header_font=\u00bbRoboto|700|||||||\u00bb header_text_align=\u00bbcenter\u00bb header_font_size=\u00bb80px\u00bb header_line_height=\u00bb1.2em\u00bb header_3_font=\u00bbRoboto|700||on|||||\u00bb header_3_text_align=\u00bbcenter\u00bb header_3_text_color=\u00bb#ffffff\u00bb header_3_font_size=\u00bb24px\u00bb header_3_letter_spacing=\u00bb10px\u00bb header_3_line_height=\u00bb2em\u00bb text_orientation=\u00bbcenter\u00bb background_layout=\u00bbdark\u00bb max_width=\u00bb800px\u00bb module_alignment=\u00bbcenter\u00bb text_font_size_last_edited=\u00bboff|desktop\u00bb header_font_size_tablet=\u00bb40px\u00bb header_font_size_phone=\u00bb32px\u00bb header_font_size_last_edited=\u00bbon|phone\u00bb header_3_font_size_tablet=\u00bb16px\u00bb header_3_font_size_phone=\u00bb14px\u00bb header_3_font_size_last_edited=\u00bbon|phone\u00bb header_3_letter_spacing_tablet=\u00bb5px\u00bb header_3_letter_spacing_phone=\u00bb\u00bb header_3_letter_spacing_last_edited=\u00bbon|tablet\u00bb text_text_shadow_style=\u00bbpreset1&#8243; global_colors_info=\u00bb{}\u00bb]<\/p>\n<p><span>La principal ilusi\u00f3n es crear un espacio donde tengan cabida proyectos dentro de nuestra tres facetas principales Arte, Dise\u00f1o e Ilustraci\u00f3n.\u00a0<\/span><\/p>\n<p>[\/et_pb_text][\/et_pb_column][\/et_pb_row][\/et_pb_section][et_pb_section fb_built=\u00bb1&#8243; admin_label=\u00bbProjects\u00bb _builder_version=\u00bb4.27.4&#8243; custom_margin=\u00bb1px|||||\u00bb custom_padding=\u00bb80px||80px||true|false\u00bb global_colors_info=\u00bb{}\u00bb][et_pb_row column_structure=\u00bb1_3,1_3,1_3&#8243; _builder_version=\u00bb4.27.4&#8243; custom_margin=\u00bb|||\u00bb custom_margin_tablet=\u00bb|||\u00bb custom_margin_phone=\u00bb|||\u00bb custom_margin_last_edited=\u00bboff|desktop\u00bb global_colors_info=\u00bb{}\u00bb][et_pb_column type=\u00bb1_3&#8243; _builder_version=\u00bb4.16&#8243; custom_padding=\u00bb|||\u00bb global_colors_info=\u00bb{}\u00bb custom_padding__hover=\u00bb|||\u00bb][et_pb_blurb title=\u00bbArtnela Studio\u00bb url=\u00bbhttps:\/\/artnelastudio.com\/es\/marca-personal\/\u00bb url_new_window=\u00bbon\u00bb image=\u00bbhttps:\/\/artnelastudio.com\/wp-content\/uploads\/2025\/01\/IMG_0165-scaled-e1737647975966.jpg\u00bb alt=\u00bbportfolio, marca, imagen corporativo, mockup, imagen de producto\u00bb image_icon_width=\u00bb104%\u00bb _builder_version=\u00bb4.27.4&#8243; header_font=\u00bbRoboto|700|||||||\u00bb header_font_size=\u00bb18px\u00bb header_line_height=\u00bb1.7em\u00bb body_font=\u00bb||||||||\u00bb body_font_size=\u00bb16px\u00bb body_line_height=\u00bb2em\u00bb animation=\u00bboff\u00bb link_option_url_new_window=\u00bbon\u00bb hover_enabled=\u00bb0&#8243; border_radii=\u00bbon|10px|10px|10px|10px\u00bb border_radii_image=\u00bbon|10px|10px|10px|10px\u00bb box_shadow_style_image=\u00bbpreset1&#8243; box_shadow_blur_image=\u00bb70px\u00bb box_shadow_color_image=\u00bbrgba(110,130,208,0.18)\u00bb global_colors_info=\u00bb{}\u00bb sticky_enabled=\u00bb0&#8243;]<\/p>\n<h5>Marca personal, imagen corporativa y m\u00e1s.<\/h5>\n<p>[\/et_pb_blurb][\/et_pb_column][et_pb_column type=\u00bb1_3&#8243; _builder_version=\u00bb4.16&#8243; custom_padding=\u00bb|||\u00bb global_colors_info=\u00bb{}\u00bb custom_padding__hover=\u00bb|||\u00bb][et_pb_blurb title=\u00bbPintura\u00bb url=\u00bbhttps:\/\/artnelastudio.com\/pintura\/\u00bb url_new_window=\u00bbon\u00bb image=\u00bbhttps:\/\/artnelastudio.com\/wp-content\/uploads\/2023\/07\/portfolio-pintura.jpg\u00bb alt=\u00bbretrato, t\u00e9cnica mixta, acr\u00edlico, \u00f3leo\u00bb _builder_version=\u00bb4.27.4&#8243; header_font=\u00bbRoboto|700|||||||\u00bb header_font_size=\u00bb18px\u00bb header_line_height=\u00bb1.7em\u00bb body_font=\u00bb||||||||\u00bb body_font_size=\u00bb16px\u00bb body_line_height=\u00bb2em\u00bb animation=\u00bboff\u00bb link_option_url=\u00bbhttps:\/\/artnelastudio.com\/pintura\/\u00bb link_option_url_new_window=\u00bbon\u00bb hover_enabled=\u00bb0&#8243; border_radii=\u00bbon|10px|10px|10px|10px\u00bb border_radii_image=\u00bbon|10px|10px|10px|10px\u00bb box_shadow_style_image=\u00bbpreset1&#8243; box_shadow_blur_image=\u00bb70px\u00bb box_shadow_color_image=\u00bbrgba(110,130,208,0.18)\u00bb global_colors_info=\u00bb{}\u00bb sticky_enabled=\u00bb0&#8243;]<\/p>\n<h5>El poder del color<\/h5>\n<p>[\/et_pb_blurb][\/et_pb_column][et_pb_column type=\u00bb1_3&#8243; _builder_version=\u00bb4.16&#8243; custom_padding=\u00bb|||\u00bb global_colors_info=\u00bb{}\u00bb custom_padding__hover=\u00bb|||\u00bb][et_pb_blurb title=\u00bbL\u00e1minas ilustradas\u00bb url=\u00bbhttps:\/\/artnelastudio.com\/es\/laminas-ilustradas-en-la-piel-del-paisaje\/\u00bb url_new_window=\u00bbon\u00bb image=\u00bbhttps:\/\/artnelastudio.com\/wp-content\/uploads\/2023\/07\/portfolio-ilustracion.jpg\u00bb alt=\u00bbcolecci\u00f3n, ilustraci\u00f3n digital, paisaje,\u00bb _builder_version=\u00bb4.27.4&#8243; header_font=\u00bbRoboto|700|||||||\u00bb header_font_size=\u00bb18px\u00bb header_line_height=\u00bb1.7em\u00bb body_font=\u00bb||||||||\u00bb body_font_size=\u00bb16px\u00bb body_line_height=\u00bb2em\u00bb animation=\u00bboff\u00bb link_option_url=\u00bbhttps:\/\/artnelastudio.com\/ilustracion\/\u00bb link_option_url_new_window=\u00bbon\u00bb hover_enabled=\u00bb0&#8243; border_radii=\u00bbon|10px|10px|10px|10px\u00bb border_radii_image=\u00bbon|10px|10px|10px|10px\u00bb box_shadow_style_image=\u00bbpreset1&#8243; box_shadow_blur_image=\u00bb70px\u00bb box_shadow_color_image=\u00bbrgba(110,130,208,0.18)\u00bb global_colors_info=\u00bb{}\u00bb sticky_enabled=\u00bb0&#8243;]<\/p>\n<h5>Dise\u00f1os para diferentes proyectos<\/h5>\n<p>[\/et_pb_blurb][\/et_pb_column][\/et_pb_row][et_pb_row column_structure=\u00bb1_3,1_3,1_3&#8243; _builder_version=\u00bb4.27.4&#8243; _module_preset=\u00bbdefault\u00bb global_colors_info=\u00bb{}\u00bb][et_pb_column type=\u00bb1_3&#8243; _builder_version=\u00bb4.27.4&#8243; _module_preset=\u00bbdefault\u00bb global_colors_info=\u00bb{}\u00bb][et_pb_blurb title=\u00bbIlustraci\u00f3n personalizada\u00bb url=\u00bbhttps:\/\/artnelastudio.com\/es\/ilustracion-personalizada\/\u00bb url_new_window=\u00bbon\u00bb image=\u00bbhttps:\/\/artnelastudio.com\/wp-content\/uploads\/2023\/07\/portfolio-personalizadas.jpg\u00bb alt=\u00bbilustraci\u00f3n digital para imprimir, procreate, ipad\u00bb _builder_version=\u00bb4.27.4&#8243; header_font=\u00bbRoboto|700|||||||\u00bb header_font_size=\u00bb18px\u00bb header_line_height=\u00bb1.7em\u00bb body_font=\u00bb||||||||\u00bb body_font_size=\u00bb16px\u00bb body_line_height=\u00bb2em\u00bb animation=\u00bboff\u00bb link_option_url=\u00bbhttps:\/\/artnelastudio.com\/ilustracion\/\u00bb link_option_url_new_window=\u00bbon\u00bb hover_enabled=\u00bb0&#8243; border_radii=\u00bbon|10px|10px|10px|10px\u00bb border_radii_image=\u00bbon|10px|10px|10px|10px\u00bb box_shadow_style_image=\u00bbpreset1&#8243; box_shadow_blur_image=\u00bb70px\u00bb box_shadow_color_image=\u00bbrgba(110,130,208,0.18)\u00bb global_colors_info=\u00bb{}\u00bb sticky_enabled=\u00bb0&#8243;]<\/p>\n<p>Inmortaliza tu fotograf\u00eda favorita.<\/p>\n<p>[\/et_pb_blurb][\/et_pb_column][et_pb_column type=\u00bb1_3&#8243; _builder_version=\u00bb4.27.4&#8243; _module_preset=\u00bbdefault\u00bb global_colors_info=\u00bb{}\u00bb][\/et_pb_column][et_pb_column type=\u00bb1_3&#8243; _builder_version=\u00bb4.27.4&#8243; _module_preset=\u00bbdefault\u00bb global_colors_info=\u00bb{}\u00bb][\/et_pb_column][\/et_pb_row][\/et_pb_section][et_pb_section fb_built=\u00bb1&#8243; custom_padding_last_edited=\u00bbon|desktop\u00bb prev_background_color=\u00bb#ffffff\u00bb admin_label=\u00bbCall to action\u00bb _builder_version=\u00bb4.27.4&#8243; use_background_color_gradient=\u00bbon\u00bb background_color_gradient_direction=\u00bb130deg\u00bb background_color_gradient_stops=\u00bb#ffffff 24%|#3e4b9a 100%\u00bb background_color_gradient_start=\u00bb#8624E1&#8243; background_color_gradient_start_position=\u00bb25%\u00bb background_color_gradient_end=\u00bb#3607A6&#8243; background_image=\u00bbhttps:\/\/artnelastudio.com\/wp-content\/uploads\/2025\/01\/creative-marketing-5-e1737041769779.png\u00bb parallax=\u00bbon\u00bb custom_padding=\u00bb9vw||5vw||false|false\u00bb custom_padding_tablet=\u00bb100px||100px||true\u00bb custom_padding_phone=\u00bb||||true\u00bb top_divider_style=\u00bbramp2&#8243; top_divider_height=\u00bb250px\u00bb top_divider_flip=\u00bbvertical\u00bb top_divider_height_tablet=\u00bb150px\u00bb top_divider_height_phone=\u00bb110px\u00bb top_divider_height_last_edited=\u00bbon|phone\u00bb saved_tabs=\u00bball\u00bb locked=\u00bboff\u00bb global_colors_info=\u00bb{}\u00bb][et_pb_row module_class=\u00bb et_pb_row_fullwidth\u00bb _builder_version=\u00bb4.16&#8243; width=\u00bb89%\u00bb width_tablet=\u00bb80%\u00bb width_phone=\u00bb80%\u00bb width_last_edited=\u00bbon|desktop\u00bb max_width=\u00bb89%\u00bb max_width_tablet=\u00bb80%\u00bb max_width_phone=\u00bb80%\u00bb max_width_last_edited=\u00bbon|desktop\u00bb custom_margin_phone=\u00bb|||\u00bb custom_margin_last_edited=\u00bboff|desktop\u00bb custom_padding=\u00bb|||\u00bb make_fullwidth=\u00bbon\u00bb global_colors_info=\u00bb{}\u00bb][et_pb_column type=\u00bb4_4&#8243; _builder_version=\u00bb4.16&#8243; custom_padding=\u00bb|||\u00bb global_colors_info=\u00bb{}\u00bb custom_padding__hover=\u00bb|||\u00bb][et_pb_text _builder_version=\u00bb4.27.4&#8243; text_font=\u00bb||||||||\u00bb text_text_color=\u00bb#232020&#8243; header_font=\u00bb||||||||\u00bb header_text_color=\u00bb#232020&#8243; header_2_font=\u00bbRoboto|700|||||||\u00bb header_2_text_color=\u00bb#3E4B9A\u00bb header_2_font_size=\u00bb50px\u00bb header_2_line_height=\u00bb1.4em\u00bb header_3_font=\u00bbRoboto|700||on|||||\u00bb header_3_text_align=\u00bbcenter\u00bb header_3_text_color=\u00bb#ffffff\u00bb header_3_font_size=\u00bb24px\u00bb header_3_letter_spacing=\u00bb5px\u00bb header_3_line_height=\u00bb2em\u00bb text_orientation=\u00bbcenter\u00bb background_layout=\u00bbdark\u00bb max_width=\u00bb850px\u00bb module_alignment=\u00bbcenter\u00bb custom_margin=\u00bb|||\u00bb custom_padding=\u00bb|||\u00bb text_font_size_last_edited=\u00bboff|desktop\u00bb header_2_font_size_tablet=\u00bb40px\u00bb header_2_font_size_phone=\u00bb32px\u00bb header_2_font_size_last_edited=\u00bbon|desktop\u00bb header_3_font_size_tablet=\u00bb16px\u00bb header_3_font_size_phone=\u00bb14px\u00bb header_3_font_size_last_edited=\u00bbon|phone\u00bb global_colors_info=\u00bb{}\u00bb]<\/p>\n<h2>\u00bfPreparados para hacer realidad un cambio? \u00a1Trabajamos juntos en el pr\u00f3ximo proyecto!<\/h2>\n<p>[\/et_pb_text][et_pb_button button_text=\u00bbconfigura una reuni\u00f3n gratuita.\u00bb button_alignment=\u00bbcenter\u00bb _builder_version=\u00bb4.27.4&#8243; custom_button=\u00bbon\u00bb button_text_size=\u00bb14px\u00bb button_bg_use_color_gradient=\u00bbon\u00bb button_bg_color_gradient_direction=\u00bb90deg\u00bb button_bg_color_gradient_stops=\u00bb#f92c8b 0%|#b02cd6 100%\u00bb button_bg_color_gradient_start=\u00bb#f92c8b\u00bb button_bg_color_gradient_end=\u00bb#b02cd6&#8243; button_border_width=\u00bb0px\u00bb button_border_color=\u00bbrgba(0,0,0,0)\u00bb button_border_radius=\u00bb4px\u00bb button_letter_spacing=\u00bb5px\u00bb button_font=\u00bbRoboto|700||on|||||\u00bb background_layout=\u00bbdark\u00bb custom_margin=\u00bb|||\u00bb custom_padding=\u00bb18px|34px|18px|34px|true|true\u00bb box_shadow_style=\u00bbpreset3&#8243; box_shadow_vertical=\u00bb20px\u00bb box_shadow_blur=\u00bb30px\u00bb box_shadow_spread=\u00bb-10px\u00bb box_shadow_color=\u00bbrgba(249,44,139,0.4)\u00bb button_letter_spacing_hover=\u00bb5.5px\u00bb global_colors_info=\u00bb{}\u00bb button_text_size__hover_enabled=\u00bboff\u00bb button_one_text_size__hover_enabled=\u00bboff\u00bb button_two_text_size__hover_enabled=\u00bboff\u00bb button_text_color__hover_enabled=\u00bboff\u00bb button_one_text_color__hover_enabled=\u00bboff\u00bb button_two_text_color__hover_enabled=\u00bboff\u00bb button_border_width__hover_enabled=\u00bboff\u00bb button_one_border_width__hover_enabled=\u00bboff\u00bb button_two_border_width__hover_enabled=\u00bboff\u00bb button_border_color__hover_enabled=\u00bboff\u00bb button_one_border_color__hover_enabled=\u00bboff\u00bb button_two_border_color__hover_enabled=\u00bboff\u00bb button_border_radius__hover_enabled=\u00bboff\u00bb button_one_border_radius__hover_enabled=\u00bboff\u00bb button_two_border_radius__hover_enabled=\u00bboff\u00bb button_letter_spacing__hover_enabled=\u00bbon\u00bb button_letter_spacing__hover=\u00bb5.5px\u00bb button_one_letter_spacing__hover_enabled=\u00bboff\u00bb button_two_letter_spacing__hover_enabled=\u00bboff\u00bb button_bg_color__hover_enabled=\u00bboff\u00bb button_one_bg_color__hover_enabled=\u00bboff\u00bb button_two_bg_color__hover_enabled=\u00bboff\u00bb][\/et_pb_button][\/et_pb_column][\/et_pb_row][et_pb_row _builder_version=\u00bb4.16&#8243; global_colors_info=\u00bb{}\u00bb][et_pb_column type=\u00bb4_4&#8243; _builder_version=\u00bb4.16&#8243; custom_padding=\u00bb|||\u00bb global_colors_info=\u00bb{}\u00bb custom_padding__hover=\u00bb|||\u00bb][et_pb_social_media_follow _builder_version=\u00bb4.27.4&#8243; text_orientation=\u00bbcenter\u00bb border_radii=\u00bbon|34px|34px|34px|34px\u00bb global_colors_info=\u00bb{}\u00bb][et_pb_social_media_follow_network social_network=\u00bblinkedin\u00bb url=\u00bbhttps:\/\/www.linkedin.com\/in\/belen-brigido-arnela-\/\u00bb _builder_version=\u00bb4.27.4&#8243; background_color=\u00bb#fcb6ab\u00bb global_colors_info=\u00bb{}\u00bb follow_button=\u00bboff\u00bb url_new_window=\u00bbon\u00bb]linkedin[\/et_pb_social_media_follow_network][et_pb_social_media_follow_network social_network=\u00bbinstagram\u00bb url=\u00bbhttps:\/\/www.instagram.com\/artnela_studio\/\u00bb _builder_version=\u00bb4.27.4&#8243; background_color=\u00bb#fcb6ab\u00bb global_colors_info=\u00bb{}\u00bb follow_button=\u00bboff\u00bb url_new_window=\u00bbon\u00bb]instagram[\/et_pb_social_media_follow_network][et_pb_social_media_follow_network social_network=\u00bbtiktok\u00bb url=\u00bbhttps:\/\/www.tiktok.com\/@artnela_studio?lang=es\u00bb _builder_version=\u00bb4.27.4&#8243; _module_preset=\u00bbdefault\u00bb background_color=\u00bb#fcb6ab\u00bb global_colors_info=\u00bb{}\u00bb follow_button=\u00bboff\u00bb url_new_window=\u00bbon\u00bb]tiktok[\/et_pb_social_media_follow_network][\/et_pb_social_media_follow][\/et_pb_column][\/et_pb_row][\/et_pb_section]<\/p>\n","protected":false},"excerpt":{"rendered":"<p>portpolio TRABAJOS, DISE\u00d1OS Y M\u00c1S\u00a0 COSITASLa principal ilusi\u00f3n es crear un espacio donde tengan cabida proyectos dentro de nuestra tres facetas principales Arte, Dise\u00f1o e Ilustraci\u00f3n.\u00a0Marca personal, imagen corporativa y m\u00e1s.El poder del colorDise\u00f1os para diferentes proyectosInmortaliza tu fotograf\u00eda favorita.\u00bfPreparados para hacer realidad un cambio? \u00a1Trabajamos juntos en el pr\u00f3ximo proyecto!<\/p>\n","protected":false},"author":1,"featured_media":0,"parent":0,"menu_order":0,"comment_status":"closed","ping_status":"closed","template":"","meta":{"_et_pb_use_builder":"on","_et_pb_old_content":"","_et_gb_content_width":"","_monsterinsights_skip_tracking":false,"_monsterinsights_sitenote_active":false,"_monsterinsights_sitenote_note":"","_monsterinsights_sitenote_category":0,"footnotes":""},"difl_page_category":[],"class_list":["post-7613","page","type-page","status-publish","hentry"],"yoast_head":"<!-- This site is optimized with the Yoast SEO plugin v27.1.1 - https:\/\/yoast.com\/product\/yoast-seo-wordpress\/ -->\n<title>PROYECTOS - Artnela Studio. Donde el dise\u00f1o y el arte se cruzan<\/title>\n<meta name=\"robots\" content=\"index, follow, max-snippet:-1, max-image-preview:large, max-video-preview:-1\" \/>\n<link rel=\"canonical\" href=\"https:\/\/artnelastudio.com\/es\/proyectos\/\" \/>\n<meta property=\"og:locale\" content=\"es_ES\" \/>\n<meta property=\"og:type\" content=\"article\" \/>\n<meta property=\"og:title\" content=\"PROYECTOS - Artnela Studio. Donde el dise\u00f1o y el arte se cruzan\" \/>\n<meta property=\"og:description\" content=\"portpolio TRABAJOS, DISE\u00d1OS Y M\u00c1S\u00a0 COSITASLa principal ilusi\u00f3n es crear un espacio donde tengan cabida proyectos dentro de nuestra tres facetas principales Arte, Dise\u00f1o e Ilustraci\u00f3n.\u00a0Marca personal, imagen corporativa y m\u00e1s.El poder del colorDise\u00f1os para diferentes proyectosInmortaliza tu fotograf\u00eda favorita.\u00bfPreparados para hacer realidad un cambio? \u00a1Trabajamos juntos en el pr\u00f3ximo proyecto!\" \/>\n<meta property=\"og:url\" content=\"https:\/\/artnelastudio.com\/es\/proyectos\/\" \/>\n<meta property=\"og:site_name\" content=\"Artnela Studio. Donde el dise\u00f1o y el arte se cruzan\" \/>\n<meta property=\"article:modified_time\" content=\"2025-03-10T16:36:12+00:00\" \/>\n<meta property=\"og:image\" content=\"https:\/\/artnelastudio.com\/wp-content\/uploads\/2025\/03\/slider-logotipo-y-eslogan-1.jpg\" \/>\n\t<meta property=\"og:image:width\" content=\"2560\" \/>\n\t<meta property=\"og:image:height\" content=\"1600\" \/>\n\t<meta property=\"og:image:type\" content=\"image\/jpeg\" \/>\n<meta name=\"twitter:card\" content=\"summary_large_image\" \/>\n<meta name=\"twitter:label1\" content=\"Tiempo de lectura\" \/>\n\t<meta name=\"twitter:data1\" content=\"9 minutos\" \/>\n<script type=\"application\/ld+json\" class=\"yoast-schema-graph\">{\"@context\":\"https:\/\/schema.org\",\"@graph\":[{\"@type\":\"WebPage\",\"@id\":\"https:\/\/artnelastudio.com\/proyectos\/\",\"url\":\"https:\/\/artnelastudio.com\/proyectos\/\",\"name\":\"PROYECTOS - Artnela Studio. Donde el dise\u00f1o y el arte se cruzan\",\"isPartOf\":{\"@id\":\"https:\/\/artnelastudio.com\/#website\"},\"datePublished\":\"2025-01-15T13:40:35+00:00\",\"dateModified\":\"2025-03-10T16:36:12+00:00\",\"breadcrumb\":{\"@id\":\"https:\/\/artnelastudio.com\/proyectos\/#breadcrumb\"},\"inLanguage\":\"es\",\"potentialAction\":[{\"@type\":\"ReadAction\",\"target\":[\"https:\/\/artnelastudio.com\/proyectos\/\"]}]},{\"@type\":\"BreadcrumbList\",\"@id\":\"https:\/\/artnelastudio.com\/proyectos\/#breadcrumb\",\"itemListElement\":[{\"@type\":\"ListItem\",\"position\":1,\"name\":\"Portada\",\"item\":\"https:\/\/artnelastudio.com\/\"},{\"@type\":\"ListItem\",\"position\":2,\"name\":\"PROYECTOS\"}]},{\"@type\":\"WebSite\",\"@id\":\"https:\/\/artnelastudio.com\/#website\",\"url\":\"https:\/\/artnelastudio.com\/\",\"name\":\"Artnela Studio. Donde el dise\u00f1o y el arte se cruzan\",\"description\":\"Dise\u00f1o gr\u00e1fico, ilustraci\u00f3n y web\",\"alternateName\":\"La principal ilusi\u00f3n es crear un espacio donde tengan cabida proyectos dentro de nuestra tres facetas principales Arte, Dise\u00f1o e Ilustraci\u00f3n.\",\"potentialAction\":[{\"@type\":\"SearchAction\",\"target\":{\"@type\":\"EntryPoint\",\"urlTemplate\":\"https:\/\/artnelastudio.com\/?s={search_term_string}\"},\"query-input\":{\"@type\":\"PropertyValueSpecification\",\"valueRequired\":true,\"valueName\":\"search_term_string\"}}],\"inLanguage\":\"es\"}]}<\/script>\n<!-- \/ Yoast SEO plugin. -->","yoast_head_json":{"title":"PROYECTOS - Artnela Studio. Donde el dise\u00f1o y el arte se cruzan","robots":{"index":"index","follow":"follow","max-snippet":"max-snippet:-1","max-image-preview":"max-image-preview:large","max-video-preview":"max-video-preview:-1"},"canonical":"https:\/\/artnelastudio.com\/es\/proyectos\/","og_locale":"es_ES","og_type":"article","og_title":"PROYECTOS - Artnela Studio. Donde el dise\u00f1o y el arte se cruzan","og_description":"portpolio TRABAJOS, DISE\u00d1OS Y M\u00c1S\u00a0 COSITASLa principal ilusi\u00f3n es crear un espacio donde tengan cabida proyectos dentro de nuestra tres facetas principales Arte, Dise\u00f1o e Ilustraci\u00f3n.\u00a0Marca personal, imagen corporativa y m\u00e1s.El poder del colorDise\u00f1os para diferentes proyectosInmortaliza tu fotograf\u00eda favorita.\u00bfPreparados para hacer realidad un cambio? \u00a1Trabajamos juntos en el pr\u00f3ximo proyecto!","og_url":"https:\/\/artnelastudio.com\/es\/proyectos\/","og_site_name":"Artnela Studio. Donde el dise\u00f1o y el arte se cruzan","article_modified_time":"2025-03-10T16:36:12+00:00","og_image":[{"width":2560,"height":1600,"url":"https:\/\/artnelastudio.com\/wp-content\/uploads\/2025\/03\/slider-logotipo-y-eslogan-1.jpg","type":"image\/jpeg"}],"twitter_card":"summary_large_image","twitter_misc":{"Tiempo de lectura":"9 minutos"},"schema":{"@context":"https:\/\/schema.org","@graph":[{"@type":"WebPage","@id":"https:\/\/artnelastudio.com\/proyectos\/","url":"https:\/\/artnelastudio.com\/proyectos\/","name":"PROYECTOS - Artnela Studio. Donde el dise\u00f1o y el arte se cruzan","isPartOf":{"@id":"https:\/\/artnelastudio.com\/#website"},"datePublished":"2025-01-15T13:40:35+00:00","dateModified":"2025-03-10T16:36:12+00:00","breadcrumb":{"@id":"https:\/\/artnelastudio.com\/proyectos\/#breadcrumb"},"inLanguage":"es","potentialAction":[{"@type":"ReadAction","target":["https:\/\/artnelastudio.com\/proyectos\/"]}]},{"@type":"BreadcrumbList","@id":"https:\/\/artnelastudio.com\/proyectos\/#breadcrumb","itemListElement":[{"@type":"ListItem","position":1,"name":"Portada","item":"https:\/\/artnelastudio.com\/"},{"@type":"ListItem","position":2,"name":"PROYECTOS"}]},{"@type":"WebSite","@id":"https:\/\/artnelastudio.com\/#website","url":"https:\/\/artnelastudio.com\/","name":"Artnela Studio. Donde el dise\u00f1o y el arte se cruzan","description":"Dise\u00f1o gr\u00e1fico, ilustraci\u00f3n y web","alternateName":"La principal ilusi\u00f3n es crear un espacio donde tengan cabida proyectos dentro de nuestra tres facetas principales Arte, Dise\u00f1o e Ilustraci\u00f3n.","potentialAction":[{"@type":"SearchAction","target":{"@type":"EntryPoint","urlTemplate":"https:\/\/artnelastudio.com\/?s={search_term_string}"},"query-input":{"@type":"PropertyValueSpecification","valueRequired":true,"valueName":"search_term_string"}}],"inLanguage":"es"}]}},"_links":{"self":[{"href":"http:\/\/artnelastudio.com\/es\/wp-json\/wp\/v2\/pages\/7613","targetHints":{"allow":["GET"]}}],"collection":[{"href":"http:\/\/artnelastudio.com\/es\/wp-json\/wp\/v2\/pages"}],"about":[{"href":"http:\/\/artnelastudio.com\/es\/wp-json\/wp\/v2\/types\/page"}],"author":[{"embeddable":true,"href":"http:\/\/artnelastudio.com\/es\/wp-json\/wp\/v2\/users\/1"}],"replies":[{"embeddable":true,"href":"http:\/\/artnelastudio.com\/es\/wp-json\/wp\/v2\/comments?post=7613"}],"version-history":[{"count":40,"href":"http:\/\/artnelastudio.com\/es\/wp-json\/wp\/v2\/pages\/7613\/revisions"}],"predecessor-version":[{"id":8363,"href":"http:\/\/artnelastudio.com\/es\/wp-json\/wp\/v2\/pages\/7613\/revisions\/8363"}],"wp:attachment":[{"href":"http:\/\/artnelastudio.com\/es\/wp-json\/wp\/v2\/media?parent=7613"}],"wp:term":[{"taxonomy":"difl_page_category","embeddable":true,"href":"http:\/\/artnelastudio.com\/es\/wp-json\/wp\/v2\/difl_page_category?post=7613"}],"curies":[{"name":"wp","href":"https:\/\/api.w.org\/{rel}","templated":true}]}}